{"id":30672,"date":"2025-05-01T16:41:23","date_gmt":"2025-05-01T14:41:23","guid":{"rendered":"https:\/\/advancedtennisacademy.ch\/?page_id=30672"},"modified":"2025-10-23T18:19:42","modified_gmt":"2025-10-23T16:19:42","slug":"pickleball","status":"publish","type":"page","link":"https:\/\/advancedtennisacademy.ch\/en\/programmes\/pickleball\/","title":{"rendered":"Advanced Pickleball Academy"},"content":{"rendered":"<div data-elementor-type=\"wp-page\" data-elementor-id=\"30672\" class=\"elementor elementor-30672\" data-elementor-post-type=\"page\">\n\t\t\t\t\t\t<section class=\"elementor-section elementor-top-section elementor-element elementor-element-25f91a20 elementor-section-height-min-height elementor-section-content-middle elementor-section-boxed elementor-section-height-default elementor-section-items-middle\" data-id=\"25f91a20\" data-element_type=\"section\" data-e-type=\"section\" data-settings=\"{&quot;background_background&quot;:&quot;classic&quot;}\">\n\t\t\t\t\t\t\t<div class=\"elementor-background-overlay\"><\/div>\n\t\t\t\t\t\t\t<div class=\"elementor-container elementor-column-gap-no\">\n\t\t\t\t\t<div class=\"elementor-column elementor-col-100 elementor-top-column elementor-element elementor-element-277d743d\" data-id=\"277d743d\" data-element_type=\"column\" data-e-type=\"column\" data-settings=\"{&quot;background_background&quot;:&quot;classic&quot;}\">\n\t\t\t<div class=\"elementor-widget-wrap elementor-element-populated\">\n\t\t\t\t\t\t<div class=\"elementor-element elementor-element-13861164 elementor-widget elementor-widget-heading\" data-id=\"13861164\" data-element_type=\"widget\" data-e-type=\"widget\" data-widget_type=\"heading.default\">\n\t\t\t\t<div class=\"elementor-widget-container\">\n\t\t\t\t\t<h1 class=\"elementor-heading-title elementor-size-default\">Advanced Pickleball Academy<\/h1>\t\t\t\t<\/div>\n\t\t\t\t<\/div>\n\t\t\t\t\t<\/div>\n\t\t<\/div>\n\t\t\t\t\t<\/div>\n\t\t<\/section>\n\t\t<div class=\"elementor-element elementor-element-5354b6a6 e-flex e-con-boxed e-con e-parent\" data-id=\"5354b6a6\" data-element_type=\"container\" data-e-type=\"container\">\n\t\t\t\t\t<div class=\"e-con-inner\">\n\t\t\t\t<div class=\"elementor-element elementor-element-6bc183c1 elementor-widget elementor-widget-heading\" data-id=\"6bc183c1\" data-element_type=\"widget\" data-e-type=\"widget\" data-widget_type=\"heading.default\">\n\t\t\t\t<div class=\"elementor-widget-container\">\n\t\t\t\t\t<h2 class=\"elementor-heading-title elementor-size-default\">PICKLEBALL ACADEMY<\/h2>\t\t\t\t<\/div>\n\t\t\t\t<\/div>\n\t\t\t\t\t<\/div>\n\t\t\t\t<\/div>\n\t\t<div class=\"elementor-element elementor-element-6a49ffb e-flex e-con-boxed e-con e-parent\" data-id=\"6a49ffb\" data-element_type=\"container\" data-e-type=\"container\">\n\t\t\t\t\t<div class=\"e-con-inner\">\n\t\t<div class=\"elementor-element elementor-element-68491df e-con-full e-flex e-con e-child\" data-id=\"68491df\" data-element_type=\"container\" data-e-type=\"container\">\n\t\t\t\t<div class=\"elementor-element elementor-element-956515d elementor-widget__width-initial elementor-widget elementor-widget-image\" data-id=\"956515d\" data-element_type=\"widget\" data-e-type=\"widget\" data-widget_type=\"image.default\">\n\t\t\t\t<div class=\"elementor-widget-container\">\n\t\t\t\t\t\t\t\t\t\t\t\t\t\t\t<img fetchpriority=\"high\" decoding=\"async\" width=\"756\" height=\"1008\" src=\"https:\/\/advancedtennisacademy.ch\/wp-content\/uploads\/2025\/10\/WhatsApp-Image-2025-10-16-at-15.24.51-2.jpeg\" class=\"attachment-large size-large wp-image-30842\" alt=\"\" srcset=\"https:\/\/advancedtennisacademy.ch\/wp-content\/uploads\/2025\/10\/WhatsApp-Image-2025-10-16-at-15.24.51-2.jpeg 756w, https:\/\/advancedtennisacademy.ch\/wp-content\/uploads\/2025\/10\/WhatsApp-Image-2025-10-16-at-15.24.51-2-225x300.jpeg 225w, https:\/\/advancedtennisacademy.ch\/wp-content\/uploads\/2025\/10\/WhatsApp-Image-2025-10-16-at-15.24.51-2-9x12.jpeg 9w\" sizes=\"(max-width: 756px) 100vw, 756px\" \/>\t\t\t\t\t\t\t\t\t\t\t\t\t\t\t<\/div>\n\t\t\t\t<\/div>\n\t\t\t\t<\/div>\n\t\t<div class=\"elementor-element elementor-element-94eca72 e-con-full e-flex e-con e-child\" data-id=\"94eca72\" data-element_type=\"container\" data-e-type=\"container\">\n\t\t\t\t<div class=\"elementor-element elementor-element-8e7cc79 elementor-widget elementor-widget-text-editor\" data-id=\"8e7cc79\" data-element_type=\"widget\" data-e-type=\"widget\" data-widget_type=\"text-editor.default\">\n\t\t\t\t<div class=\"elementor-widget-container\">\n\t\t\t\t\t\t\t\t\t<p><em><strong>DISCOVER IT NOW!<\/strong><\/em><\/p><p><span style=\"background-color: var( --e-global-color-21bfb04 ); font-family: var( --e-global-typography-f500460-font-family ), Sans-serif; font-size: var( --e-global-typography-f500460-font-size ); color: var( --e-global-color-text );\">Avec nos coachs venez apprendre et passer un bon moment en jouant au PICKLEBALL, le nouveau sport de raquettes qui a explos\u00e9 aux Etats-Unis et qui se d\u00e9veloppe en Europe !<\/span><\/p><p>2 or 3 players with a coach, sport and fun guaranteed!<\/p><p>Cet hiver on sera de retour au Centre sportif pour des sessions de folie aux Soir\u00e9es Multi raquettes !\u00a0<\/p><p>More to come sooon !\u00a0<\/p><p><em style=\"background-color: transparent;\">\u00a0<\/em><\/p><p><em style=\"background-color: transparent;\">(equipment on loan if required)<\/em><\/p><p>Find out more about the rules of the game <a href=\"https:\/\/pickleballcorner.ch\/fr\/blogs\/was-ist-pickleball\/wie-spielt-man-pickleball?srsltid=AfmBOooFR2jMzF4VGvlNcogplQHDaGapGlMu8Y_R9EMsvC96YsJ7qtqO\" target=\"_blank\" rel=\"noopener\">click here!<\/a><\/p>\t\t\t\t\t\t\t\t<\/div>\n\t\t\t\t<\/div>\n\t\t\t\t<\/div>\n\t\t\t\t\t<\/div>\n\t\t\t\t<\/div>\n\t\t<div class=\"elementor-element elementor-element-18b60e63 e-flex e-con-boxed e-con e-parent\" data-id=\"18b60e63\" data-element_type=\"container\" data-e-type=\"container\">\n\t\t\t\t\t<div class=\"e-con-inner\">\n\t\t<div class=\"elementor-element elementor-element-2629533b e-con-full e-flex e-con e-child\" data-id=\"2629533b\" data-element_type=\"container\" data-e-type=\"container\">\n\t\t\t\t<div class=\"elementor-element elementor-element-f18c607 elementor-widget-tablet__width-initial elementor-widget elementor-widget-image\" data-id=\"f18c607\" data-element_type=\"widget\" data-e-type=\"widget\" data-widget_type=\"image.default\">\n\t\t\t\t<div class=\"elementor-widget-container\">\n\t\t\t\t\t\t\t\t\t\t\t\t\t\t\t<img decoding=\"async\" width=\"300\" height=\"110\" src=\"https:\/\/advancedtennisacademy.ch\/wp-content\/uploads\/2024\/04\/21_Verbier_VT-300x110-1.png\" class=\"attachment-large size-large wp-image-29434\" alt=\"\" \/>\t\t\t\t\t\t\t\t\t\t\t\t\t\t\t<\/div>\n\t\t\t\t<\/div>\n\t\t\t\t<\/div>\n\t\t<div class=\"elementor-element elementor-element-2bcfeae9 e-con-full e-flex e-con e-child\" data-id=\"2bcfeae9\" data-element_type=\"container\" data-e-type=\"container\">\n\t\t\t\t<div class=\"elementor-element elementor-element-5d2ae26 elementor-widget elementor-widget-image\" data-id=\"5d2ae26\" data-element_type=\"widget\" data-e-type=\"widget\" data-widget_type=\"image.default\">\n\t\t\t\t<div class=\"elementor-widget-container\">\n\t\t\t\t\t\t\t\t\t\t\t\t\t\t\t<img decoding=\"async\" width=\"800\" height=\"566\" src=\"https:\/\/advancedtennisacademy.ch\/wp-content\/uploads\/2024\/04\/tcvb-01-1-1024x724.png\" class=\"attachment-large size-large wp-image-29440\" alt=\"\" srcset=\"https:\/\/advancedtennisacademy.ch\/wp-content\/uploads\/2024\/04\/tcvb-01-1-1024x724.png 1024w, https:\/\/advancedtennisacademy.ch\/wp-content\/uploads\/2024\/04\/tcvb-01-1-300x212.png 300w, https:\/\/advancedtennisacademy.ch\/wp-content\/uploads\/2024\/04\/tcvb-01-1-768x543.png 768w, https:\/\/advancedtennisacademy.ch\/wp-content\/uploads\/2024\/04\/tcvb-01-1-1536x1086.png 1536w, https:\/\/advancedtennisacademy.ch\/wp-content\/uploads\/2024\/04\/tcvb-01-1-2048x1448.png 2048w\" sizes=\"(max-width: 800px) 100vw, 800px\" \/>\t\t\t\t\t\t\t\t\t\t\t\t\t\t\t<\/div>\n\t\t\t\t<\/div>\n\t\t\t\t<\/div>\n\t\t<div class=\"elementor-element elementor-element-1e68c176 e-con-full e-flex e-con e-child\" data-id=\"1e68c176\" data-element_type=\"container\" data-e-type=\"container\">\n\t\t\t\t<div class=\"elementor-element elementor-element-75c5d908 elementor-widget__width-initial elementor-widget elementor-widget-image\" data-id=\"75c5d908\" data-element_type=\"widget\" data-e-type=\"widget\" data-widget_type=\"image.default\">\n\t\t\t\t<div class=\"elementor-widget-container\">\n\t\t\t\t\t\t\t\t\t\t\t\t\t\t\t<img loading=\"lazy\" decoding=\"async\" width=\"800\" height=\"516\" src=\"https:\/\/advancedtennisacademy.ch\/wp-content\/uploads\/2025\/05\/logo_WRT_color-1024x660.png\" class=\"attachment-large size-large wp-image-30678\" alt=\"\" srcset=\"https:\/\/advancedtennisacademy.ch\/wp-content\/uploads\/2025\/05\/logo_WRT_color-1024x660.png 1024w, https:\/\/advancedtennisacademy.ch\/wp-content\/uploads\/2025\/05\/logo_WRT_color-300x193.png 300w, https:\/\/advancedtennisacademy.ch\/wp-content\/uploads\/2025\/05\/logo_WRT_color-768x495.png 768w, https:\/\/advancedtennisacademy.ch\/wp-content\/uploads\/2025\/05\/logo_WRT_color.png 1038w\" sizes=\"(max-width: 800px) 100vw, 800px\" \/>\t\t\t\t\t\t\t\t\t\t\t\t\t\t\t<\/div>\n\t\t\t\t<\/div>\n\t\t\t\t<\/div>\n\t\t\t\t\t<\/div>\n\t\t\t\t<\/div>\n\t\t<div class=\"elementor-element elementor-element-4639da32 e-flex e-con-boxed e-con e-parent\" data-id=\"4639da32\" data-element_type=\"container\" data-e-type=\"container\" data-settings=\"{&quot;background_background&quot;:&quot;classic&quot;}\">\n\t\t\t\t\t<div class=\"e-con-inner\">\n\t\t<div class=\"elementor-element elementor-element-4f4f3a0a e-con-full e-flex e-con e-child\" data-id=\"4f4f3a0a\" data-element_type=\"container\" data-e-type=\"container\">\n\t\t\t\t<div class=\"elementor-element elementor-element-4392a770 elementor-widget elementor-widget-heading\" data-id=\"4392a770\" data-element_type=\"widget\" data-e-type=\"widget\" data-widget_type=\"heading.default\">\n\t\t\t\t<div class=\"elementor-widget-container\">\n\t\t\t\t\t<h4 class=\"elementor-heading-title elementor-size-default\">Any questions?<\/h4>\t\t\t\t<\/div>\n\t\t\t\t<\/div>\n\t\t\t\t<div class=\"elementor-element elementor-element-7ad707bf elementor-widget elementor-widget-text-editor\" data-id=\"7ad707bf\" data-element_type=\"widget\" data-e-type=\"widget\" data-widget_type=\"text-editor.default\">\n\t\t\t\t<div class=\"elementor-widget-container\">\n\t\t\t\t\t\t\t\t\t<p>If you have any further questions about private or group lessons, specific training programs or camps, we'd love to hear from you:<\/p><ul><li><strong>By email: info@advancedtennisacademy.ch\u00a0<\/strong><\/li><li><strong>By phone: +41 76 727 91 45<\/strong><\/li><li>Or directly via <strong>contact form by clicking on the button opposite<\/strong><\/li><\/ul>\t\t\t\t\t\t\t\t<\/div>\n\t\t\t\t<\/div>\n\t\t\t\t<\/div>\n\t\t<div class=\"elementor-element elementor-element-703a7fe4 e-con-full e-flex e-con e-child\" data-id=\"703a7fe4\" data-element_type=\"container\" data-e-type=\"container\">\n\t\t\t\t<div class=\"elementor-element elementor-element-7658b571 elementor-align-center elementor-widget elementor-widget-button\" data-id=\"7658b571\" data-element_type=\"widget\" data-e-type=\"widget\" data-widget_type=\"button.default\">\n\t\t\t\t<div class=\"elementor-widget-container\">\n\t\t\t\t\t\t\t\t\t<div class=\"elementor-button-wrapper\">\n\t\t\t\t\t<a class=\"elementor-button elementor-button-link elementor-size-sm\" href=\"https:\/\/advancedtennisacademy.ch\/en\/contact\/\" target=\"_blank\">\n\t\t\t\t\t\t<span class=\"elementor-button-content-wrapper\">\n\t\t\t\t\t\t\t\t\t<span class=\"elementor-button-text\">Contact &amp; Connect<\/span>\n\t\t\t\t\t<\/span>\n\t\t\t\t\t<\/a>\n\t\t\t\t<\/div>\n\t\t\t\t\t\t\t\t<\/div>\n\t\t\t\t<\/div>\n\t\t\t\t<\/div>\n\t\t\t\t\t<\/div>\n\t\t\t\t<\/div>\n\t\t\t\t<\/div>","protected":false},"excerpt":{"rendered":"<p>Advanced Pickleball Academy PICKLEBALL ACADEMY A DECOUVRIR SANS ATTENDRE ! Avec nos coachs venez apprendre et passer un bon moment en jouant au PICKLEBALL, le nouveau sport de raquettes qui a explos\u00e9 aux Etats-Unis et qui se d\u00e9veloppe en Europe ! A 2 ou \u00e0 3 joueurs avec un coach, sport et plaisir assur\u00e9s ! [&hellip;]<\/p>\n","protected":false},"author":2,"featured_media":0,"parent":28836,"menu_order":0,"comment_status":"closed","ping_status":"closed","template":"elementor_header_footer","meta":{"footnotes":""},"class_list":["post-30672","page","type-page","status-publish","hentry"],"yoast_head":"<!-- This site is optimized with the Yoast SEO plugin v27.3 - https:\/\/yoast.com\/product\/yoast-seo-wordpress\/ -->\n<title>Advanced Pickleball Academy - Advanced Tennis Academy<\/title>\n<meta name=\"robots\" content=\"index, follow, max-snippet:-1, max-image-preview:large, max-video-preview:-1\" \/>\n<link rel=\"canonical\" href=\"https:\/\/advancedtennisacademy.ch\/en\/programmes\/pickleball\/\" \/>\n<meta property=\"og:locale\" content=\"en_US\" \/>\n<meta property=\"og:type\" content=\"article\" \/>\n<meta property=\"og:title\" content=\"Advanced Pickleball Academy - Advanced Tennis Academy\" \/>\n<meta property=\"og:description\" content=\"Advanced Pickleball Academy PICKLEBALL ACADEMY A DECOUVRIR SANS ATTENDRE ! Avec nos coachs venez apprendre et passer un bon moment en jouant au PICKLEBALL, le nouveau sport de raquettes qui a explos\u00e9 aux Etats-Unis et qui se d\u00e9veloppe en Europe ! A 2 ou \u00e0 3 joueurs avec un coach, sport et plaisir assur\u00e9s ! [&hellip;]\" \/>\n<meta property=\"og:url\" content=\"https:\/\/advancedtennisacademy.ch\/en\/programmes\/pickleball\/\" \/>\n<meta property=\"og:site_name\" content=\"Advanced Tennis Academy\" \/>\n<meta property=\"article:modified_time\" content=\"2025-10-23T16:19:42+00:00\" \/>\n<meta property=\"og:image\" content=\"https:\/\/advancedtennisacademy.ch\/wp-content\/uploads\/2025\/10\/WhatsApp-Image-2025-10-16-at-15.24.51-2.jpeg\" \/>\n\t<meta property=\"og:image:width\" content=\"756\" \/>\n\t<meta property=\"og:image:height\" content=\"1008\" \/>\n\t<meta property=\"og:image:type\" content=\"image\/jpeg\" \/>\n<meta name=\"twitter:card\" content=\"summary_large_image\" \/>\n<meta name=\"twitter:label1\" content=\"Est. reading time\" \/>\n\t<meta name=\"twitter:data1\" content=\"2 minutes\" \/>\n<script type=\"application\/ld+json\" class=\"yoast-schema-graph\">{\"@context\":\"https:\\\/\\\/schema.org\",\"@graph\":[{\"@type\":\"WebPage\",\"@id\":\"https:\\\/\\\/advancedtennisacademy.ch\\\/programmes\\\/pickleball\\\/\",\"url\":\"https:\\\/\\\/advancedtennisacademy.ch\\\/programmes\\\/pickleball\\\/\",\"name\":\"Advanced Pickleball Academy - Advanced Tennis Academy\",\"isPartOf\":{\"@id\":\"https:\\\/\\\/advancedtennisacademy.ch\\\/#website\"},\"primaryImageOfPage\":{\"@id\":\"https:\\\/\\\/advancedtennisacademy.ch\\\/programmes\\\/pickleball\\\/#primaryimage\"},\"image\":{\"@id\":\"https:\\\/\\\/advancedtennisacademy.ch\\\/programmes\\\/pickleball\\\/#primaryimage\"},\"thumbnailUrl\":\"https:\\\/\\\/advancedtennisacademy.ch\\\/wp-content\\\/uploads\\\/2025\\\/10\\\/WhatsApp-Image-2025-10-16-at-15.24.51-2.jpeg\",\"datePublished\":\"2025-05-01T14:41:23+00:00\",\"dateModified\":\"2025-10-23T16:19:42+00:00\",\"breadcrumb\":{\"@id\":\"https:\\\/\\\/advancedtennisacademy.ch\\\/programmes\\\/pickleball\\\/#breadcrumb\"},\"inLanguage\":\"en-US\",\"potentialAction\":[{\"@type\":\"ReadAction\",\"target\":[\"https:\\\/\\\/advancedtennisacademy.ch\\\/programmes\\\/pickleball\\\/\"]}]},{\"@type\":\"ImageObject\",\"inLanguage\":\"en-US\",\"@id\":\"https:\\\/\\\/advancedtennisacademy.ch\\\/programmes\\\/pickleball\\\/#primaryimage\",\"url\":\"https:\\\/\\\/advancedtennisacademy.ch\\\/wp-content\\\/uploads\\\/2025\\\/10\\\/WhatsApp-Image-2025-10-16-at-15.24.51-2.jpeg\",\"contentUrl\":\"https:\\\/\\\/advancedtennisacademy.ch\\\/wp-content\\\/uploads\\\/2025\\\/10\\\/WhatsApp-Image-2025-10-16-at-15.24.51-2.jpeg\"},{\"@type\":\"BreadcrumbList\",\"@id\":\"https:\\\/\\\/advancedtennisacademy.ch\\\/programmes\\\/pickleball\\\/#breadcrumb\",\"itemListElement\":[{\"@type\":\"ListItem\",\"position\":1,\"name\":\"Accueil\",\"item\":\"https:\\\/\\\/advancedtennisacademy.ch\\\/\"},{\"@type\":\"ListItem\",\"position\":2,\"name\":\"PROGRAMMES\",\"item\":\"https:\\\/\\\/advancedtennisacademy.ch\\\/programmes\\\/\"},{\"@type\":\"ListItem\",\"position\":3,\"name\":\"Advanced Pickleball Academy\"}]},{\"@type\":\"WebSite\",\"@id\":\"https:\\\/\\\/advancedtennisacademy.ch\\\/#website\",\"url\":\"https:\\\/\\\/advancedtennisacademy.ch\\\/\",\"name\":\"Advanced Tennis Academy\",\"description\":\"Vos Progr\u00e8s, Notre Passion\",\"publisher\":{\"@id\":\"https:\\\/\\\/advancedtennisacademy.ch\\\/#organization\"},\"potentialAction\":[{\"@type\":\"SearchAction\",\"target\":{\"@type\":\"EntryPoint\",\"urlTemplate\":\"https:\\\/\\\/advancedtennisacademy.ch\\\/?s={search_term_string}\"},\"query-input\":{\"@type\":\"PropertyValueSpecification\",\"valueRequired\":true,\"valueName\":\"search_term_string\"}}],\"inLanguage\":\"en-US\"},{\"@type\":\"Organization\",\"@id\":\"https:\\\/\\\/advancedtennisacademy.ch\\\/#organization\",\"name\":\"Advanced Tennis Academy\",\"url\":\"https:\\\/\\\/advancedtennisacademy.ch\\\/\",\"logo\":{\"@type\":\"ImageObject\",\"inLanguage\":\"en-US\",\"@id\":\"https:\\\/\\\/advancedtennisacademy.ch\\\/#\\\/schema\\\/logo\\\/image\\\/\",\"url\":\"https:\\\/\\\/advancedtennisacademy.ch\\\/wp-content\\\/uploads\\\/2024\\\/04\\\/cropped-cropped-LOGO-ADVANCED-FORME.png\",\"contentUrl\":\"https:\\\/\\\/advancedtennisacademy.ch\\\/wp-content\\\/uploads\\\/2024\\\/04\\\/cropped-cropped-LOGO-ADVANCED-FORME.png\",\"width\":512,\"height\":512,\"caption\":\"Advanced Tennis Academy\"},\"image\":{\"@id\":\"https:\\\/\\\/advancedtennisacademy.ch\\\/#\\\/schema\\\/logo\\\/image\\\/\"}}]}<\/script>\n<!-- \/ Yoast SEO plugin. -->","yoast_head_json":{"title":"Advanced Pickleball Academy - Advanced Tennis Academy","robots":{"index":"index","follow":"follow","max-snippet":"max-snippet:-1","max-image-preview":"max-image-preview:large","max-video-preview":"max-video-preview:-1"},"canonical":"https:\/\/advancedtennisacademy.ch\/en\/programmes\/pickleball\/","og_locale":"en_US","og_type":"article","og_title":"Advanced Pickleball Academy - Advanced Tennis Academy","og_description":"Advanced Pickleball Academy PICKLEBALL ACADEMY A DECOUVRIR SANS ATTENDRE ! Avec nos coachs venez apprendre et passer un bon moment en jouant au PICKLEBALL, le nouveau sport de raquettes qui a explos\u00e9 aux Etats-Unis et qui se d\u00e9veloppe en Europe ! A 2 ou \u00e0 3 joueurs avec un coach, sport et plaisir assur\u00e9s ! [&hellip;]","og_url":"https:\/\/advancedtennisacademy.ch\/en\/programmes\/pickleball\/","og_site_name":"Advanced Tennis Academy","article_modified_time":"2025-10-23T16:19:42+00:00","og_image":[{"width":756,"height":1008,"url":"https:\/\/advancedtennisacademy.ch\/wp-content\/uploads\/2025\/10\/WhatsApp-Image-2025-10-16-at-15.24.51-2.jpeg","type":"image\/jpeg"}],"twitter_card":"summary_large_image","twitter_misc":{"Est. reading time":"2 minutes"},"schema":{"@context":"https:\/\/schema.org","@graph":[{"@type":"WebPage","@id":"https:\/\/advancedtennisacademy.ch\/programmes\/pickleball\/","url":"https:\/\/advancedtennisacademy.ch\/programmes\/pickleball\/","name":"Advanced Pickleball Academy - Advanced Tennis Academy","isPartOf":{"@id":"https:\/\/advancedtennisacademy.ch\/#website"},"primaryImageOfPage":{"@id":"https:\/\/advancedtennisacademy.ch\/programmes\/pickleball\/#primaryimage"},"image":{"@id":"https:\/\/advancedtennisacademy.ch\/programmes\/pickleball\/#primaryimage"},"thumbnailUrl":"https:\/\/advancedtennisacademy.ch\/wp-content\/uploads\/2025\/10\/WhatsApp-Image-2025-10-16-at-15.24.51-2.jpeg","datePublished":"2025-05-01T14:41:23+00:00","dateModified":"2025-10-23T16:19:42+00:00","breadcrumb":{"@id":"https:\/\/advancedtennisacademy.ch\/programmes\/pickleball\/#breadcrumb"},"inLanguage":"en-US","potentialAction":[{"@type":"ReadAction","target":["https:\/\/advancedtennisacademy.ch\/programmes\/pickleball\/"]}]},{"@type":"ImageObject","inLanguage":"en-US","@id":"https:\/\/advancedtennisacademy.ch\/programmes\/pickleball\/#primaryimage","url":"https:\/\/advancedtennisacademy.ch\/wp-content\/uploads\/2025\/10\/WhatsApp-Image-2025-10-16-at-15.24.51-2.jpeg","contentUrl":"https:\/\/advancedtennisacademy.ch\/wp-content\/uploads\/2025\/10\/WhatsApp-Image-2025-10-16-at-15.24.51-2.jpeg"},{"@type":"BreadcrumbList","@id":"https:\/\/advancedtennisacademy.ch\/programmes\/pickleball\/#breadcrumb","itemListElement":[{"@type":"ListItem","position":1,"name":"Accueil","item":"https:\/\/advancedtennisacademy.ch\/"},{"@type":"ListItem","position":2,"name":"PROGRAMMES","item":"https:\/\/advancedtennisacademy.ch\/programmes\/"},{"@type":"ListItem","position":3,"name":"Advanced Pickleball Academy"}]},{"@type":"WebSite","@id":"https:\/\/advancedtennisacademy.ch\/#website","url":"https:\/\/advancedtennisacademy.ch\/","name":"Advanced Tennis Academy","description":"Your Progress, Our Passion","publisher":{"@id":"https:\/\/advancedtennisacademy.ch\/#organization"},"potentialAction":[{"@type":"SearchAction","target":{"@type":"EntryPoint","urlTemplate":"https:\/\/advancedtennisacademy.ch\/?s={search_term_string}"},"query-input":{"@type":"PropertyValueSpecification","valueRequired":true,"valueName":"search_term_string"}}],"inLanguage":"en-US"},{"@type":"Organization","@id":"https:\/\/advancedtennisacademy.ch\/#organization","name":"Advanced Tennis Academy","url":"https:\/\/advancedtennisacademy.ch\/","logo":{"@type":"ImageObject","inLanguage":"en-US","@id":"https:\/\/advancedtennisacademy.ch\/#\/schema\/logo\/image\/","url":"https:\/\/advancedtennisacademy.ch\/wp-content\/uploads\/2024\/04\/cropped-cropped-LOGO-ADVANCED-FORME.png","contentUrl":"https:\/\/advancedtennisacademy.ch\/wp-content\/uploads\/2024\/04\/cropped-cropped-LOGO-ADVANCED-FORME.png","width":512,"height":512,"caption":"Advanced Tennis Academy"},"image":{"@id":"https:\/\/advancedtennisacademy.ch\/#\/schema\/logo\/image\/"}}]}},"_links":{"self":[{"href":"https:\/\/advancedtennisacademy.ch\/en\/wp-json\/wp\/v2\/pages\/30672","targetHints":{"allow":["GET"]}}],"collection":[{"href":"https:\/\/advancedtennisacademy.ch\/en\/wp-json\/wp\/v2\/pages"}],"about":[{"href":"https:\/\/advancedtennisacademy.ch\/en\/wp-json\/wp\/v2\/types\/page"}],"author":[{"embeddable":true,"href":"https:\/\/advancedtennisacademy.ch\/en\/wp-json\/wp\/v2\/users\/2"}],"replies":[{"embeddable":true,"href":"https:\/\/advancedtennisacademy.ch\/en\/wp-json\/wp\/v2\/comments?post=30672"}],"version-history":[{"count":22,"href":"https:\/\/advancedtennisacademy.ch\/en\/wp-json\/wp\/v2\/pages\/30672\/revisions"}],"predecessor-version":[{"id":30854,"href":"https:\/\/advancedtennisacademy.ch\/en\/wp-json\/wp\/v2\/pages\/30672\/revisions\/30854"}],"up":[{"embeddable":true,"href":"https:\/\/advancedtennisacademy.ch\/en\/wp-json\/wp\/v2\/pages\/28836"}],"wp:attachment":[{"href":"https:\/\/advancedtennisacademy.ch\/en\/wp-json\/wp\/v2\/media?parent=30672"}],"curies":[{"name":"wp","href":"https:\/\/api.w.org\/{rel}","templated":true}]}}